{"id":820,"date":"2017-06-10T08:24:41","date_gmt":"2017-06-10T08:24:41","guid":{"rendered":"http:\/\/xtratheme.comlawyers\/?page_id=6"},"modified":"2025-09-27T08:29:45","modified_gmt":"2025-09-27T04:59:45","slug":"about-us","status":"publish","type":"page","link":"https:\/\/faalilawyer.com\/fr\/about-us\/","title":{"rendered":"About us | \u062f\u0631\u0628\u0627\u0631\u0647 \u0645\u0627"},"content":{"rendered":"\t\t<div data-elementor-type=\"wp-page\" data-elementor-id=\"820\" class=\"elementor elementor-820\">\n\t\t\t\t\t\t\t\t\t<section class=\"elementor-section elementor-top-section elementor-element elementor-element-083022f elementor-section-boxed elementor-section-height-default elementor-section-height-default\" data-id=\"083022f\" data-element_type=\"section\">\n\t\t\t\t\t\t<div class=\"elementor-container elementor-column-gap-default\">\n\t\t\t\t\t<div class=\"elementor-column elementor-col-100 elementor-top-column elementor-element elementor-element-c5e9a81\" data-id=\"c5e9a81\" data-element_type=\"column\">\n\t\t\t<div class=\"elementor-widget-wrap elementor-element-populated\">\n\t\t\t\t\t\t\t\t<div class=\"elementor-element elementor-element-c912ca0 elementor-widget elementor-widget-cz_gap\" data-id=\"c912ca0\" data-element_type=\"widget\" data-widget_type=\"cz_gap.default\">\n\t\t\t\t<div class=\"elementor-widget-container\">\n\t\t\t<div class=\"cz_gap clr\"><\/div>\t\t<\/div>\n\t\t\t\t<\/div>\n\t\t\t\t\t<\/div>\n\t\t<\/div>\n\t\t\t\t\t\t\t<\/div>\n\t\t<\/section>\n\t\t\t\t<section class=\"elementor-section elementor-top-section elementor-element elementor-element-d0cab65 elementor-section-boxed elementor-section-height-default elementor-section-height-default\" data-id=\"d0cab65\" data-element_type=\"section\">\n\t\t\t\t\t\t<div class=\"elementor-container elementor-column-gap-default\">\n\t\t\t\t\t<div class=\"elementor-column elementor-col-50 elementor-top-column elementor-element elementor-element-56897ef\" data-id=\"56897ef\" data-element_type=\"column\">\n\t\t\t<div class=\"elementor-widget-wrap elementor-element-populated\">\n\t\t\t\t\t\t\t\t<div class=\"elementor-element elementor-element-58530f9 elementor-widget elementor-widget-cz_image\" data-id=\"58530f9\" data-element_type=\"widget\" data-widget_type=\"cz_image.default\">\n\t\t\t\t<div class=\"elementor-widget-container\">\n\t\t\t<div class=\"cz_mparallax_5\">\r\n\t\t<div class=\"cz_image clr cz_image_no_fx center_on_mobile\">\r\n\r\n\t\t\t<div>\r\n\r\n\t\t\t\t<div class=\"cz_image_in\">\r\n\r\n\t\t\t\t\t<div class=\"cz_main_image\"><img decoding=\"async\" width=\"600\" height=\"800\" src=\"data:image\/svg+xml,%3Csvg%20xmlns%3D&#39;http%3A%2F%2Fwww.w3.org%2F2000%2Fsvg&#39;%20width=&#39;600&#39;%20height=&#39;800&#39;%20viewBox%3D&#39;0%200%20600%20800&#39;%2F%3E\" data-czlz data-src=\"https:\/\/faalilawyer.com\/wp-content\/uploads\/2022\/12\/0333-min.png\" class=\"attachment-full size-full\" alt=\"\" \/><\/div>\r\n\r\n\t\t\t\t\t<div class=\"cz_hover_image\"><img decoding=\"async\" width=\"600\" height=\"800\" src=\"data:image\/svg+xml,%3Csvg%20xmlns%3D&#39;http%3A%2F%2Fwww.w3.org%2F2000%2Fsvg&#39;%20width=&#39;600&#39;%20height=&#39;800&#39;%20viewBox%3D&#39;0%200%20600%20800&#39;%2F%3E\" data-czlz data-src=\"https:\/\/faalilawyer.com\/wp-content\/uploads\/2022\/12\/0333-min.png\" class=\"attachment-full size-full\" alt=\"\" \/><\/div>\r\n\t\t\t\t<\/div>\r\n\r\n\t\t\t\t\r\n\t\t\t<\/div>\r\n\r\n\t\t<\/div>\r\n\r\n\t\t<\/div>\t\t<\/div>\n\t\t\t\t<\/div>\n\t\t\t\t\t<\/div>\n\t\t<\/div>\n\t\t\t\t<div class=\"elementor-column elementor-col-50 elementor-top-column elementor-element elementor-element-6b0800b\" data-id=\"6b0800b\" data-element_type=\"column\">\n\t\t\t<div class=\"elementor-widget-wrap elementor-element-populated\">\n\t\t\t\t\t\t\t\t<div class=\"elementor-element elementor-element-925fe3b elementor-widget elementor-widget-cz_title\" data-id=\"925fe3b\" data-element_type=\"widget\" data-widget_type=\"cz_title.default\">\n\t\t\t\t<div class=\"elementor-widget-container\">\n\t\t\t\t\r\n\t\t<div>\r\n\t\t\t<div class=\"cz_title clr cz_smart_fs cz_mobile_text_center cz_title_pos_inline\"><div class=\"cz_title_shape shape_text cz_shape_1\">01<\/div><div class=\"cz_title_content\"><div class=\"cz_wpe_content\"><h3>\u00a0<\/h3><h3><span style=\"font-size: 38px;\"><span style=\"color: #d8ae76;\">Ma\u00eetre FAALI\u00a0<\/span><\/span><\/h3><\/div><\/div><\/div>\r\n\t\t<\/div>\r\n\t\t\r\n\t\t\t\t<\/div>\n\t\t\t\t<\/div>\n\t\t\t\t<div class=\"elementor-element elementor-element-ed67850 elementor-widget elementor-widget-cz_title\" data-id=\"ed67850\" data-element_type=\"widget\" data-widget_type=\"cz_title.default\">\n\t\t\t\t<div class=\"elementor-widget-container\">\n\t\t\t\t\r\n\t\t<div>\r\n\t\t\t<div class=\"cz_title clr cz_mobile_text_center cz_title_pos_inline\"><div class=\"cz_title_content\"><div class=\"cz_wpe_content\"><p>Dr FAALI parle couramment le fran\u00e7ais, l'anglais et le farsi et vous accompagne dans tous les types de dossiers juridiques, administratifs, judiciaires, corporatifs, bancaires, d'investissement, immobiliers et toutes les questions d'immigration.<\/p><\/div><\/div><\/div>\r\n\t\t<\/div>\r\n\t\t\r\n\t\t\t\t<\/div>\n\t\t\t\t<\/div>\n\t\t\t\t<section class=\"elementor-section elementor-inner-section elementor-element elementor-element-e938ac9 elementor-section-boxed elementor-section-height-default elementor-section-height-default\" data-id=\"e938ac9\" data-element_type=\"section\">\n\t\t\t\t\t\t<div class=\"elementor-container elementor-column-gap-default\">\n\t\t\t\t\t<div class=\"elementor-column elementor-col-50 elementor-inner-column elementor-element elementor-element-1caf22c\" data-id=\"1caf22c\" data-element_type=\"column\">\n\t\t\t<div class=\"elementor-widget-wrap elementor-element-populated\">\n\t\t\t\t\t\t\t\t<div class=\"elementor-element elementor-element-c1a578b elementor-widget elementor-widget-cz_stylish_list\" data-id=\"c1a578b\" data-element_type=\"widget\" data-widget_type=\"cz_stylish_list.default\">\n\t\t\t\t<div class=\"elementor-widget-container\">\n\t\t\t<ul class=\"cz_stylish_list clr cz_sl_icon_hover_flash\"><li class=\"elementor-repeater-item-fbd77c0 clr\"><a href=\"https:\/\/faalilawyer.com\/fr\/services#Service\"><div class=\"cz_sl_icon\"><i class=\"mr10 fa fa-check\"><\/i><\/div><div><span>Conseils juridiques et judiciaires<\/span><\/div><\/a><\/li><li class=\"elementor-repeater-item-68e800c clr\"><a href=\"https:\/\/faalilawyer.com\/fr\/services#Service\"><div class=\"cz_sl_icon\"><i class=\"mr10 fa fa-check\"><\/i><\/div><div><span>Droit des affaires - soci\u00e9t\u00e9s<\/span><\/div><\/a><\/li><li class=\"elementor-repeater-item-d564a88 clr\"><a href=\"https:\/\/faalilawyer.com\/fr\/services#Service\"><div class=\"cz_sl_icon\"><i class=\"mr10 fa fa-check\"><\/i><\/div><div><span>Droit des \u00e9trangers<\/span><\/div><\/a><\/li><\/ul>\t\t<\/div>\n\t\t\t\t<\/div>\n\t\t\t\t\t<\/div>\n\t\t<\/div>\n\t\t\t\t<div class=\"elementor-column elementor-col-50 elementor-inner-column elementor-element elementor-element-44845a2\" data-id=\"44845a2\" data-element_type=\"column\">\n\t\t\t<div class=\"elementor-widget-wrap elementor-element-populated\">\n\t\t\t\t\t\t\t\t<div class=\"elementor-element elementor-element-dcc8870 elementor-widget elementor-widget-cz_stylish_list\" data-id=\"dcc8870\" data-element_type=\"widget\" data-widget_type=\"cz_stylish_list.default\">\n\t\t\t\t<div class=\"elementor-widget-container\">\n\t\t\t<ul class=\"cz_stylish_list clr cz_sl_icon_hover_flash\"><li class=\"elementor-repeater-item-a4d4703 clr\"><a href=\"https:\/\/faalilawyer.com\/fr\/services#Service\"><div class=\"cz_sl_icon\"><i class=\"mr10 fa fa-check\"><\/i><\/div><div><span>Droit de la Sant\u00e9<\/span><\/div><\/a><\/li><li class=\"elementor-repeater-item-1cd466d clr\"><a href=\"https:\/\/faalilawyer.com\/fr\/services#Service\"><div class=\"cz_sl_icon\"><i class=\"mr10 fa fa-check\"><\/i><\/div><div><span>Droit du travail<\/span><\/div><\/a><\/li><\/ul>\t\t<\/div>\n\t\t\t\t<\/div>\n\t\t\t\t\t<\/div>\n\t\t<\/div>\n\t\t\t\t\t\t\t<\/div>\n\t\t<\/section>\n\t\t\t\t\t<\/div>\n\t\t<\/div>\n\t\t\t\t\t\t\t<\/div>\n\t\t<\/section>\n\t\t\t\t<section class=\"elementor-section elementor-top-section elementor-element elementor-element-a4c6b35 elementor-section-boxed elementor-section-height-default elementor-section-height-default\" data-id=\"a4c6b35\" data-element_type=\"section\">\n\t\t\t\t\t\t<div class=\"elementor-container elementor-column-gap-default\">\n\t\t\t\t\t<div class=\"elementor-column elementor-col-100 elementor-top-column elementor-element elementor-element-65f75a18\" data-id=\"65f75a18\" data-element_type=\"column\">\n\t\t\t<div class=\"elementor-widget-wrap elementor-element-populated\">\n\t\t\t\t\t\t\t\t<div class=\"elementor-element elementor-element-96ba9ba elementor-widget elementor-widget-cz_title\" data-id=\"96ba9ba\" data-element_type=\"widget\" data-no-translation=\"\" data-widget_type=\"cz_title.default\">\n\t\t\t\t<div class=\"elementor-widget-container\">\n\t\t\t\t\r\n\t\t<div>\r\n\t\t\t<div class=\"cz_title clr cz_title_pos_left\"><div class=\"cz_title_content\"><div class=\"cz_wpe_content\"><p><span style=\"color: #d8ae76;\"><strong>Pr\u00e9sentation<\/strong><\/span><\/p><p><span style=\"font-size: 16px;\">Ma\u00eetre FAALI, Avocat de conseil et de contentieux en Droit des affaires, droit des \u00e9trangers et d\u2019immigration, Droit des soci\u00e9t\u00e9s (Corporate) et Droit de la sant\u00e9, est titulaire d\u2019un Master en Droit international compar\u00e9 \u00e0 l\u2019Universit\u00e9 de Toulouse, d\u2019un Master 2 en Droit des affaires \u00e0 l\u2019Universit\u00e9 d\u2019Aix-Marseille (<span style=\"font-family: inherit;\">2013<\/span>) et enfin d\u2018un Doctorat \u00e0 l\u2019Universit\u00e9 de Paris\u00a0<span style=\"font-family: inherit;\">1<\/span> Panth\u00e9on-Sorbonne.\u00a0<\/span><\/p><p>Ma\u00eetre FAALI a int\u00e9gr\u00e9 la Direction juridique internationale du groupe EDF afin d\u2019apporter son concours dans le cadre des projets de contrats internationaux et du suivi <em>Corporate<\/em> des filiales. Il a eu \u00e9galement l\u2019occasion de travailler aux c\u00f4t\u00e9s des mandataires judiciaires et dans le cadre de gestion des proc\u00e9dures des liquidations et redressements judiciaires.<\/p><p>Il parle couramment anglais qui lui a permis d\u2019avoir des exp\u00e9riences pratiques au sein des cabinets anglais et fran\u00e7aises \u00e0 Paris pendant plusieurs ann\u00e9es.<\/p><p>Ma\u00eetre FAALI a exerc\u00e9 pendant de nombreuses ann\u00e9es au sein de structures sp\u00e9cialis\u00e9es en Droit des affaires. Il a d\u00e9velopp\u00e9 une pratique forte en conseil et en contentieux g\u00e9n\u00e9ral dans ce domaine. Il exerce aujourd\u2019hui le droit des affaires, droit des soci\u00e9t\u00e9s, droits des contrats, droit de la sant\u00e9, droit du travail et \u00e9galement droit des \u00e9trangers et d\u2019asile.<\/p><p>Ma\u00eetre FAALI est un avocat de conseil et de contentieux qui accompagne ses clients \u00e9trangers et fran\u00e7ais devant les Tribunaux administratifs, les Tribunaux de commerce et intervient dans les contentieux disciplinaires et ordinaux devant l\u2019Ordre des pharmaciens et l\u2019Ordre des m\u00e9decins.<\/p><p><strong>Parmi les exp\u00e9riences du Dr FAALI, nous pouvons mentionner les ann\u00e9es de travail dans les cabinets d'avocats et les entreprises suivantes:<\/strong><\/p><\/div><\/div><\/div>\r\n\t\t<\/div>\r\n\t\t\r\n\t\t\t\t<\/div>\n\t\t\t\t<\/div>\n\t\t\t\t<div class=\"elementor-element elementor-element-5aa25cd elementor-widget elementor-widget-cz_title\" data-id=\"5aa25cd\" data-element_type=\"widget\" data-no-translation=\"\" data-widget_type=\"cz_title.default\">\n\t\t\t\t<div class=\"elementor-widget-container\">\n\t\t\t<style>.elementor-element-5aa25cd{display:none !important}<\/style>\t\t<\/div>\n\t\t\t\t<\/div>\n\t\t\t\t<section class=\"elementor-section elementor-inner-section elementor-element elementor-element-313893d elementor-section-boxed elementor-section-height-default elementor-section-height-default\" data-id=\"313893d\" data-element_type=\"section\">\n\t\t\t\t\t\t<div class=\"elementor-container elementor-column-gap-default\">\n\t\t\t\t\t<div class=\"elementor-column elementor-col-50 elementor-inner-column elementor-element elementor-element-79c9e24\" data-id=\"79c9e24\" data-element_type=\"column\">\n\t\t\t<div class=\"elementor-widget-wrap elementor-element-populated\">\n\t\t\t\t\t\t\t\t<div class=\"elementor-element elementor-element-77562f2 elementor-widget elementor-widget-cz_title\" data-id=\"77562f2\" data-element_type=\"widget\" data-widget_type=\"cz_title.default\">\n\t\t\t\t<div class=\"elementor-widget-container\">\n\t\t\t\t\r\n\t\t<div>\r\n\t\t\t<div class=\"cz_title clr cz_title_pos_inline\"><div class=\"cz_title_content\"><div class=\"cz_wpe_content\"><ul><li>LINKLATERS PARIS<\/li><li>ALISTER AVOCATS PARIS<\/li><li>HFW PARIS (holman fenwick willan)<\/li><li>THEIS AVOCATS<\/li><li>JURIS PHARMA<\/li><li>EDF- \u00c9lectricit\u00e9 de France<\/li><li>HB AVOCATS<\/li><li>MJA \u2013 Mandataires Judiciaires Associ\u00e9s<\/li><li>Etc ...<\/li><\/ul><\/div><\/div><\/div>\r\n\t\t<\/div>\r\n\t\t\r\n\t\t\t\t<\/div>\n\t\t\t\t<\/div>\n\t\t\t\t\t<\/div>\n\t\t<\/div>\n\t\t\t\t<div class=\"elementor-column elementor-col-50 elementor-inner-column elementor-element elementor-element-ecdd1fb\" data-id=\"ecdd1fb\" data-element_type=\"column\">\n\t\t\t<div class=\"elementor-widget-wrap elementor-element-populated\">\n\t\t\t\t\t\t\t\t<div class=\"elementor-element elementor-element-9dff8a2 elementor-widget elementor-widget-cz_image\" data-id=\"9dff8a2\" data-element_type=\"widget\" data-widget_type=\"cz_image.default\">\n\t\t\t\t<div class=\"elementor-widget-container\">\n\t\t\t\r\n\t\t<div class=\"cz_image clr cz_image_simple_fade center_on_mobile\">\r\n\r\n\t\t\t<div>\r\n\r\n\t\t\t\t<div class=\"cz_image_in\">\r\n\r\n\t\t\t\t\t<div class=\"cz_main_image\"><img decoding=\"async\" width=\"960\" height=\"1280\" src=\"data:image\/svg+xml,%3Csvg%20xmlns%3D&#39;http%3A%2F%2Fwww.w3.org%2F2000%2Fsvg&#39;%20width=&#39;960&#39;%20height=&#39;1280&#39;%20viewBox%3D&#39;0%200%20960%201280&#39;%2F%3E\" data-czlz data-src=\"https:\/\/faalilawyer.com\/wp-content\/uploads\/2022\/12\/photo_\u06f2\u06f0\u06f2\u06f2-\u06f1\u06f1-\u06f2\u06f5_\u06f2\u06f0-\u06f4\u06f5-\u06f5\u06f9.jpg\" class=\"attachment-full size-full\" alt=\"\" \/><\/div>\r\n\r\n\t\t\t\t\t<div class=\"cz_hover_image\"><img decoding=\"async\" width=\"960\" height=\"1280\" src=\"data:image\/svg+xml,%3Csvg%20xmlns%3D&#39;http%3A%2F%2Fwww.w3.org%2F2000%2Fsvg&#39;%20width=&#39;960&#39;%20height=&#39;1280&#39;%20viewBox%3D&#39;0%200%20960%201280&#39;%2F%3E\" data-czlz data-src=\"https:\/\/faalilawyer.com\/wp-content\/uploads\/2022\/12\/photo_\u06f2\u06f0\u06f2\u06f2-\u06f1\u06f1-\u06f2\u06f5_\u06f1\u06f9-\u06f2\u06f0-\u06f2\u06f9.jpg\" class=\"attachment-full size-full\" alt=\"\" \/><\/div>\r\n\t\t\t\t<\/div>\r\n\r\n\t\t\t\t<div class=\"cz_image_caption mt10\"><p style=\"text-align: center\"><span style=\"line-height: 1.3\"><span style=\"font-size: 26px\"><strong>Ma\u00eetre Reza FAALI<\/strong> <\/span><br \/><span style=\"font-size: 15px\">Avocat au Barreau de Paris <\/span><br \/><span style=\"font-size: 15px\">Docteur en droit<\/span><br \/><\/span><\/p><\/div>\r\n\t\t\t<\/div>\r\n\r\n\t\t<\/div>\r\n\r\n\t\t\t\t<\/div>\n\t\t\t\t<\/div>\n\t\t\t\t\t<\/div>\n\t\t<\/div>\n\t\t\t\t\t\t\t<\/div>\n\t\t<\/section>\n\t\t\t\t\t<\/div>\n\t\t<\/div>\n\t\t\t\t\t\t\t<\/div>\n\t\t<\/section>\n\t\t\t\t<section class=\"elementor-section elementor-top-section elementor-element elementor-element-0c1c210 elementor-hidden-desktop elementor-hidden-tablet elementor-hidden-mobile elementor-section-boxed elementor-section-height-default elementor-section-height-default\" data-id=\"0c1c210\" data-element_type=\"section\">\n\t\t\t\t\t\t<div class=\"elementor-container elementor-column-gap-default\">\n\t\t\t\t\t<div class=\"elementor-column elementor-col-100 elementor-top-column elementor-element elementor-element-3c2760a\" data-id=\"3c2760a\" data-element_type=\"column\">\n\t\t\t<div class=\"elementor-widget-wrap elementor-element-populated\">\n\t\t\t\t\t\t\t\t<div class=\"elementor-element elementor-element-6f8740a elementor-widget elementor-widget-cz_title\" data-id=\"6f8740a\" data-element_type=\"widget\" data-widget_type=\"cz_title.default\">\n\t\t\t\t<div class=\"elementor-widget-container\">\n\t\t\t\t\r\n\t\t<div>\r\n\t\t\t<div class=\"cz_title clr cz_smart_fs cz_title_pos_inline\"><div class=\"cz_title_shape shape_text cz_shape_1\">Avocats<\/div><div class=\"cz_title_content\"><div class=\"cz_wpe_content\"><p><span style=\"color: #bdbdbd;\">Notre \u00e9quipe professionnelle<\/span><\/p><h3><span style=\"font-size: 38px;\"><span style=\"color: #d8ae76;\">Avocats <\/span><\/span><span style=\"font-size: 38px;\">Nous<\/span><\/h3><\/div><\/div><\/div>\r\n\t\t<\/div>\r\n\t\t\r\n\t\t\t\t<\/div>\n\t\t\t\t<\/div>\n\t\t\t\t<div class=\"elementor-element elementor-element-8abdd7c elementor-widget elementor-widget-cz_gap\" data-id=\"8abdd7c\" data-element_type=\"widget\" data-widget_type=\"cz_gap.default\">\n\t\t\t\t<div class=\"elementor-widget-container\">\n\t\t\t<div class=\"cz_gap clr\"><\/div>\t\t<\/div>\n\t\t\t\t<\/div>\n\t\t\t\t\t<\/div>\n\t\t<\/div>\n\t\t\t\t\t\t\t<\/div>\n\t\t<\/section>\n\t\t\t\t<section class=\"elementor-section elementor-top-section elementor-element elementor-element-9005dcf elementor-hidden-desktop elementor-hidden-tablet elementor-hidden-mobile elementor-section-boxed elementor-section-height-default elementor-section-height-default\" data-id=\"9005dcf\" data-element_type=\"section\">\n\t\t\t\t\t\t<div class=\"elementor-container elementor-column-gap-default\">\n\t\t\t\t\t<div class=\"elementor-column elementor-col-25 elementor-top-column elementor-element elementor-element-299b7ce\" data-id=\"299b7ce\" data-element_type=\"column\">\n\t\t\t<div class=\"elementor-widget-wrap elementor-element-populated\">\n\t\t\t\t\t\t\t\t<div class=\"elementor-element elementor-element-dec964a elementor-widget elementor-widget-cz_team\" data-id=\"dec964a\" data-element_type=\"widget\" data-widget_type=\"cz_team.default\">\n\t\t\t\t<div class=\"elementor-widget-container\">\n\t\t\t\t\t<div class=\"cz_team mb30 clr cz_team_2\">\r\n\t\t\t<div class=\"cz_team_img\"><img decoding=\"async\" width=\"960\" height=\"1280\" src=\"data:image\/svg+xml,%3Csvg%20xmlns%3D&#39;http%3A%2F%2Fwww.w3.org%2F2000%2Fsvg&#39;%20width=&#39;960&#39;%20height=&#39;1280&#39;%20viewBox%3D&#39;0%200%20960%201280&#39;%2F%3E\" data-czlz data-src=\"https:\/\/faalilawyer.com\/wp-content\/uploads\/2022\/12\/photo_\u06f2\u06f0\u06f2\u06f2-\u06f1\u06f1-\u06f2\u06f5_\u06f2\u06f0-\u06f4\u06f5-\u06f5\u06f9.jpg\" class=\"attachment-full size-full\" alt=\"\" data-srcset=\"https:\/\/faalilawyer.com\/wp-content\/uploads\/2022\/12\/photo_\u06f2\u06f0\u06f2\u06f2-\u06f1\u06f1-\u06f2\u06f5_\u06f2\u06f0-\u06f4\u06f5-\u06f5\u06f9.jpg 960w, https:\/\/faalilawyer.com\/wp-content\/uploads\/2022\/12\/photo_\u06f2\u06f0\u06f2\u06f2-\u06f1\u06f1-\u06f2\u06f5_\u06f2\u06f0-\u06f4\u06f5-\u06f5\u06f9-225x300.jpg 225w, https:\/\/faalilawyer.com\/wp-content\/uploads\/2022\/12\/photo_\u06f2\u06f0\u06f2\u06f2-\u06f1\u06f1-\u06f2\u06f5_\u06f2\u06f0-\u06f4\u06f5-\u06f5\u06f9-768x1024.jpg 768w, https:\/\/faalilawyer.com\/wp-content\/uploads\/2022\/12\/photo_\u06f2\u06f0\u06f2\u06f2-\u06f1\u06f1-\u06f2\u06f5_\u06f2\u06f0-\u06f4\u06f5-\u06f5\u06f9-9x12.jpg 9w, https:\/\/faalilawyer.com\/wp-content\/uploads\/2022\/12\/photo_\u06f2\u06f0\u06f2\u06f2-\u06f1\u06f1-\u06f2\u06f5_\u06f2\u06f0-\u06f4\u06f5-\u06f5\u06f9-600x800.jpg 600w\" data-sizes=\"(max-width: 960px) 100vw, 960px\" \/><div class=\"cz_team_social cz_social clr cz_social_fx_0 tac\"><div class=\"cz_team_social_in\"><a  class=\"cz-facebook\" title=\"FaceBook\"><i class=\"fa fa-facebook\"><\/i><\/a><a  class=\"cz-twitter\" title=\"Twitter\"><i class=\"fa fa-twitter\"><\/i><\/a><a  class=\"cz-linkedin\" title=\"Linkedin\"><i class=\"fa fa-linkedin\"><\/i><\/a><a  class=\"cz-instagram\" title=\"Instagram\"><i class=\"fa fa-instagram\"><\/i><\/a><\/div><\/div><\/div><div class=\"cz_team_content cz_wpe_content\"><p style=\"text-align: center;\"><span style=\"line-height: 1.3; color: #333333;\"><span style=\"font-size: 30px; font-weight: 200; display: block;\">Dr Reza Faali<\/span>\u00a0Avocat<\/span><\/p><\/div>\t\t<\/div>\r\n\t\t\t\t<\/div>\n\t\t\t\t<\/div>\n\t\t\t\t\t<\/div>\n\t\t<\/div>\n\t\t\t\t<div class=\"elementor-column elementor-col-25 elementor-top-column elementor-element elementor-element-9a232d8\" data-id=\"9a232d8\" data-element_type=\"column\">\n\t\t\t<div class=\"elementor-widget-wrap\">\n\t\t\t\t\t\t\t\t\t<\/div>\n\t\t<\/div>\n\t\t\t\t<div class=\"elementor-column elementor-col-25 elementor-top-column elementor-element elementor-element-22a67d3\" data-id=\"22a67d3\" data-element_type=\"column\">\n\t\t\t<div class=\"elementor-widget-wrap\">\n\t\t\t\t\t\t\t\t\t<\/div>\n\t\t<\/div>\n\t\t\t\t<div class=\"elementor-column elementor-col-25 elementor-top-column elementor-element elementor-element-962766c\" data-id=\"962766c\" data-element_type=\"column\">\n\t\t\t<div class=\"elementor-widget-wrap\">\n\t\t\t\t\t\t\t\t\t<\/div>\n\t\t<\/div>\n\t\t\t\t\t\t\t<\/div>\n\t\t<\/section>\n\t\t\t\t<section class=\"elementor-section elementor-top-section elementor-element elementor-element-26e7805 elementor-section-boxed elementor-section-height-default elementor-section-height-default\" data-id=\"26e7805\" data-element_type=\"section\">\n\t\t\t\t\t\t<div class=\"elementor-container elementor-column-gap-default\">\n\t\t\t\t\t<div class=\"elementor-column elementor-col-100 elementor-top-column elementor-element elementor-element-f9e651e\" data-id=\"f9e651e\" data-element_type=\"column\">\n\t\t\t<div class=\"elementor-widget-wrap elementor-element-populated\">\n\t\t\t\t\t\t\t\t<section class=\"elementor-section elementor-inner-section elementor-element elementor-element-0891020 elementor-section-content-middle elementor-section-boxed elementor-section-height-default elementor-section-height-default\" data-id=\"0891020\" data-element_type=\"section\">\n\t\t\t\t\t\t<div class=\"elementor-container elementor-column-gap-default\">\n\t\t\t\t\t<div class=\"elementor-column elementor-col-50 elementor-inner-column elementor-element elementor-element-28139ad\" data-id=\"28139ad\" data-element_type=\"column\">\n\t\t\t<div class=\"elementor-widget-wrap elementor-element-populated\">\n\t\t\t\t\t\t\t\t<div class=\"elementor-element elementor-element-1a5e535 elementor-widget elementor-widget-cz_title\" data-id=\"1a5e535\" data-element_type=\"widget\" data-widget_type=\"cz_title.default\">\n\t\t\t\t<div class=\"elementor-widget-container\">\n\t\t\t\t\r\n\t\t<div>\r\n\t\t\t<div class=\"cz_title clr cz_mobile_text_center cz_title_pos_inline\"><div class=\"cz_title_shape shape_icon cz_shape_1\"><i class=\"fas fa-gavel\"><\/i><\/div><div class=\"cz_title_content\"><div class=\"cz_wpe_content\"><h3><span style=\"margin-bottom: 10px; display: inline-block; font-size: 26px;\">Consultation et rendez-vous<\/span><\/h3><p>Pour communiquer avec le Dr Reza Faali et obtenir un rendez-vous, remplissez le formulaire ci-contre<\/p><\/div><\/div><\/div>\r\n\t\t<\/div>\r\n\t\t\r\n\t\t\t\t<\/div>\n\t\t\t\t<\/div>\n\t\t\t\t\t<\/div>\n\t\t<\/div>\n\t\t\t\t<div class=\"elementor-column elementor-col-50 elementor-inner-column elementor-element elementor-element-50673c1\" data-id=\"50673c1\" data-element_type=\"column\">\n\t\t\t<div class=\"elementor-widget-wrap elementor-element-populated\">\n\t\t\t\t\t\t\t\t<div class=\"elementor-element elementor-element-6bbab5e elementor-widget elementor-widget-cz_button\" data-id=\"6bbab5e\" data-element_type=\"widget\" data-widget_type=\"cz_button.default\">\n\t\t\t\t<div class=\"elementor-widget-container\">\n\t\t\t\t\t<div class=\"cz_btn_center\">\r\n\t\t\t<div>\r\n\t\t\t\t<a href=\"https:\/\/faalilawyer.com\/contact\/\" class=\"cz_btn cz_btn_txt_move_up cz_btn_zoom_in\">\r\n\r\n\t\t\t\t\t<span><i class=\"fa czico-123-call\"><\/i>\t\t\t\t\t\t<strong>Compl\u00e9tez le formulaire\t\t\t\t\t\t\t\t\t\t\t\t\t<\/strong>\r\n\t\t\t\t\t\t\t\t\t\t\t<\/span>\r\n\r\n\t\t\t\t\t<b class=\"cz_btn_onhover\">\r\n\t\t\t\t\t\t<i class=\"fa czico-123-call\"><\/i>\t\t\t\t\t\t<strong>\r\n\t\t\t\t\t\t\tCompl\u00e9tez le formulaire\t\t\t\t\t\t\t\t\t\t\t\t\t<\/strong>\r\n\t\t\t\t\t\t\t\t\t\t\t<\/b>\r\n\r\n\t\t\t\t<\/a>\r\n\t\t\t<\/div>\r\n\t\t<\/div> \t\t\t\t<\/div>\n\t\t\t\t<\/div>\n\t\t\t\t\t<\/div>\n\t\t<\/div>\n\t\t\t\t\t\t\t<\/div>\n\t\t<\/section>\n\t\t\t\t\t<\/div>\n\t\t<\/div>\n\t\t\t\t\t\t\t<\/div>\n\t\t<\/section>\n\t\t\t\t\t\t\t<\/div>\n\t\t","protected":false},"excerpt":{"rendered":"<p>01 \u00a0 Ma\u00eetre FAALI\u00a0 Dr FAALI parle couramment le fran\u00e7ais, l&rsquo;anglais &#8230; <\/p>\n","protected":false},"author":1,"featured_media":0,"parent":0,"menu_order":0,"comment_status":"closed","ping_status":"closed","template":"","meta":{"_themeisle_gutenberg_block_has_review":false,"footnotes":""},"class_list":["post-820","page","type-page","status-publish","hentry"],"_links":{"self":[{"href":"https:\/\/faalilawyer.com\/fr\/wp-json\/wp\/v2\/pages\/820","targetHints":{"allow":["GET"]}}],"collection":[{"href":"https:\/\/faalilawyer.com\/fr\/wp-json\/wp\/v2\/pages"}],"about":[{"href":"https:\/\/faalilawyer.com\/fr\/wp-json\/wp\/v2\/types\/page"}],"author":[{"embeddable":true,"href":"https:\/\/faalilawyer.com\/fr\/wp-json\/wp\/v2\/users\/1"}],"replies":[{"embeddable":true,"href":"https:\/\/faalilawyer.com\/fr\/wp-json\/wp\/v2\/comments?post=820"}],"version-history":[{"count":113,"href":"https:\/\/faalilawyer.com\/fr\/wp-json\/wp\/v2\/pages\/820\/revisions"}],"predecessor-version":[{"id":1686,"href":"https:\/\/faalilawyer.com\/fr\/wp-json\/wp\/v2\/pages\/820\/revisions\/1686"}],"wp:attachment":[{"href":"https:\/\/faalilawyer.com\/fr\/wp-json\/wp\/v2\/media?parent=820"}],"curies":[{"name":"wp","href":"https:\/\/api.w.org\/{rel}","templated":true}]}}