{"id":17,"date":"2017-06-10T08:25:36","date_gmt":"2017-06-10T08:25:36","guid":{"rendered":"http:\/\/xtratheme.comlawyers\/?page_id=8"},"modified":"2023-01-17T22:10:12","modified_gmt":"2023-01-17T18:40:12","slug":"services","status":"publish","type":"page","link":"https:\/\/faalilawyer.com\/fr\/services\/","title":{"rendered":"Services | \u062e\u062f\u0645\u0627\u062a \u0645\u0627"},"content":{"rendered":"\t\t<div data-elementor-type=\"wp-page\" data-elementor-id=\"17\" class=\"elementor elementor-17\">\n\t\t\t\t\t\t\t\t\t<section class=\"elementor-section elementor-top-section elementor-element elementor-element-225e133 elementor-section-boxed elementor-section-height-default elementor-section-height-default\" data-id=\"225e133\" data-element_type=\"section\">\n\t\t\t\t\t\t<div class=\"elementor-container elementor-column-gap-default\">\n\t\t\t\t\t<div class=\"elementor-column elementor-col-100 elementor-top-column elementor-element elementor-element-67c9db4\" data-id=\"67c9db4\" data-element_type=\"column\">\n\t\t\t<div class=\"elementor-widget-wrap elementor-element-populated\">\n\t\t\t\t\t\t\t\t<div class=\"elementor-element elementor-element-71236c6 elementor-widget elementor-widget-cz_gap\" data-id=\"71236c6\" data-element_type=\"widget\" data-widget_type=\"cz_gap.default\">\n\t\t\t\t<div class=\"elementor-widget-container\">\n\t\t\t<div class=\"cz_gap clr\"><\/div>\t\t<\/div>\n\t\t\t\t<\/div>\n\t\t\t\t<div class=\"elementor-element elementor-element-2540466 elementor-widget elementor-widget-cz_title\" data-id=\"2540466\" data-element_type=\"widget\" data-widget_type=\"cz_title.default\">\n\t\t\t\t<div class=\"elementor-widget-container\">\n\t\t\t\t\r\n\t\t<div>\r\n\t\t\t<div class=\"cz_title clr cz_title_pos_inline\"><div class=\"cz_title_shape shape_text cz_shape_1\">Services<\/div><div class=\"cz_title_content\"><div class=\"cz_wpe_content\"><p><span style=\"color: #bdbdbd;\"><span class=\"VIiyi\" lang=\"fa\"><span class=\"JLqJ4b ChMk0b\" data-language-for-alternatives=\"fa\" data-language-to-translate-into=\"en\" data-phrase-index=\"0\" data-number-of-phrases=\"1\">Services judiciaires et juridiques<\/span><\/span><\/span><\/p><h3><span style=\"font-size: 38px; color: #d8ae76;\">Domaines d'activites<br \/><\/span><\/h3><\/div><\/div><\/div>\r\n\t\t<\/div>\r\n\t\t\r\n\t\t\t\t<\/div>\n\t\t\t\t<\/div>\n\t\t\t\t<div class=\"elementor-element elementor-element-86f7b9a elementor-widget elementor-widget-cz_gap\" data-id=\"86f7b9a\" data-element_type=\"widget\" data-widget_type=\"cz_gap.default\">\n\t\t\t\t<div class=\"elementor-widget-container\">\n\t\t\t<div class=\"cz_gap clr\"><\/div>\t\t<\/div>\n\t\t\t\t<\/div>\n\t\t\t\t\t<\/div>\n\t\t<\/div>\n\t\t\t\t\t\t\t<\/div>\n\t\t<\/section>\n\t\t\t\t<section class=\"elementor-section elementor-top-section elementor-element elementor-element-fc3814b elementor-section-boxed elementor-section-height-default elementor-section-height-default\" data-id=\"fc3814b\" data-element_type=\"section\">\n\t\t\t\t\t\t<div class=\"elementor-container elementor-column-gap-default\">\n\t\t\t\t\t<div class=\"elementor-column elementor-col-25 elementor-top-column elementor-element elementor-element-c424417\" data-id=\"c424417\" data-element_type=\"column\">\n\t\t\t<div class=\"elementor-widget-wrap elementor-element-populated\">\n\t\t\t\t\t\t\t\t<div class=\"elementor-element elementor-element-53c3e09 elementor-widget elementor-widget-cz_service_box\" data-id=\"53c3e09\" data-element_type=\"widget\" data-widget_type=\"cz_service_box.default\">\n\t\t\t\t<div class=\"elementor-widget-container\">\n\t\t\t<div class=\"xtra-service-box-hove fx_zoom_0_hover\"><a href=\"#Services\"><div class=\"services clr style1 cz_sbi_fx_9a services_b\"><div class=\"service_custom\"><i class=\"czi czico-023-guarantee\"><\/i><\/div><div class=\"service_text\"><h3>Droit des affaires - soci\u00e9t\u00e9s <\/h3><div class=\"cz_wpe_content\"><\/div><div class=\"cz_btn cz_btn_icon_after\">Plus de d\u00e9tails<\/div><\/div><\/div><\/a><\/div>\t\t<\/div>\n\t\t\t\t<\/div>\n\t\t\t\t\t<\/div>\n\t\t<\/div>\n\t\t\t\t<div class=\"elementor-column elementor-col-25 elementor-top-column elementor-element elementor-element-b183d51\" data-id=\"b183d51\" data-element_type=\"column\">\n\t\t\t<div class=\"elementor-widget-wrap elementor-element-populated\">\n\t\t\t\t\t\t\t\t<div class=\"elementor-element elementor-element-c40d2a2 elementor-widget elementor-widget-cz_service_box\" data-id=\"c40d2a2\" data-element_type=\"widget\" data-widget_type=\"cz_service_box.default\">\n\t\t\t\t<div class=\"elementor-widget-container\">\n\t\t\t<div class=\"xtra-service-box-hove fx_zoom_0_hover\"><a href=\"#Services\"><div class=\"services clr style1 cz_sbi_fx_9a services_b\"><div class=\"service_custom\"><i class=\"fas fa-globe-americas\"><\/i><\/div><div class=\"service_text\"><h3>Droit des \u00e9trangers<\/h3><div class=\"cz_wpe_content\"><\/div><div class=\"cz_btn cz_btn_icon_after\">Plus de d\u00e9tails<\/div><\/div><\/div><\/a><\/div>\t\t<\/div>\n\t\t\t\t<\/div>\n\t\t\t\t\t<\/div>\n\t\t<\/div>\n\t\t\t\t<div class=\"elementor-column elementor-col-25 elementor-top-column elementor-element elementor-element-af21fdb\" data-id=\"af21fdb\" data-element_type=\"column\">\n\t\t\t<div class=\"elementor-widget-wrap elementor-element-populated\">\n\t\t\t\t\t\t\t\t<div class=\"elementor-element elementor-element-c2c7c68 elementor-widget elementor-widget-cz_service_box\" data-id=\"c2c7c68\" data-element_type=\"widget\" data-widget_type=\"cz_service_box.default\">\n\t\t\t\t<div class=\"elementor-widget-container\">\n\t\t\t<div class=\"xtra-service-box-hove fx_zoom_0_hover\"><a href=\"#Services\"><div class=\"services clr style1 cz_sbi_fx_9a services_b\"><div class=\"service_custom\"><i class=\"fas fa-heartbeat\"><\/i><\/div><div class=\"service_text\"><h3>Droit de la Sant\u00e9<\/h3><div class=\"cz_wpe_content\"><\/div><div class=\"cz_btn cz_btn_icon_after\">Plus de d\u00e9tails<\/div><\/div><\/div><\/a><\/div>\t\t<\/div>\n\t\t\t\t<\/div>\n\t\t\t\t\t<\/div>\n\t\t<\/div>\n\t\t\t\t<div class=\"elementor-column elementor-col-25 elementor-top-column elementor-element elementor-element-c62fd5b\" data-id=\"c62fd5b\" data-element_type=\"column\">\n\t\t\t<div class=\"elementor-widget-wrap elementor-element-populated\">\n\t\t\t\t\t\t\t\t<div class=\"elementor-element elementor-element-7e70143 elementor-widget elementor-widget-cz_service_box\" data-id=\"7e70143\" data-element_type=\"widget\" data-widget_type=\"cz_service_box.default\">\n\t\t\t\t<div class=\"elementor-widget-container\">\n\t\t\t<div class=\"xtra-service-box-hove fx_zoom_0_hover\"><a href=\"#Services\"><div class=\"services clr style1 cz_sbi_fx_9a services_b\"><div class=\"service_custom\"><i class=\"czi czico-053-settings\"><\/i><\/div><div class=\"service_text\"><h3>Droit du travail<\/h3><div class=\"cz_wpe_content\"><\/div><div class=\"cz_btn cz_btn_icon_after\">Plus de d\u00e9tails<\/div><\/div><\/div><\/a><\/div>\t\t<\/div>\n\t\t\t\t<\/div>\n\t\t\t\t\t<\/div>\n\t\t<\/div>\n\t\t\t\t\t\t\t<\/div>\n\t\t<\/section>\n\t\t\t\t<section class=\"elementor-section elementor-top-section elementor-element elementor-element-e2e4226 elementor-section-boxed elementor-section-height-default elementor-section-height-default\" data-id=\"e2e4226\" data-element_type=\"section\" id=\"Services\">\n\t\t\t\t\t\t<div class=\"elementor-container elementor-column-gap-default\">\n\t\t\t\t\t<div class=\"elementor-column elementor-col-100 elementor-top-column elementor-element elementor-element-04093b4\" data-id=\"04093b4\" data-element_type=\"column\">\n\t\t\t<div class=\"elementor-widget-wrap elementor-element-populated\">\n\t\t\t\t\t\t\t\t<div class=\"elementor-element elementor-element-f66b4bb elementor-widget elementor-widget-cz_tabs\" data-id=\"f66b4bb\" data-element_type=\"widget\" data-no-translation=\"\" data-widget_type=\"cz_tabs.default\">\n\t\t\t\t<div class=\"elementor-widget-container\">\n\t\t\t<div class=\"cz_tabs clr cz_tabs_htc cz_tabs_zoom_in cz_tabs_on_hover\"><div class=\"cz_tabs_content\"><a class=\"cz_tab_a hide elementor-repeater-item-80af3e2\" data-tab=\"80af3e2\" ><span class=\"cz_tab_in_title\">Droit du travail<\/span><\/a><div id=\"80af3e2\" class=\"cz_tab\"><div><h3><span style=\"font-size: 32px; color: #d8ae76;\">Droit du travail<\/span><\/h3><p>La r\u00e9daction des contrats, licenciement, requalification ou modification du contrat de travail, recours devant le conseil de prud'hommes (CPH) pour r\u00e9gler les conflits entre employeur et salari\u00e9 li\u00e9s au contrat de travail sont les domaines d\u2019interventions de Ma\u00eetre FAALI en droit du travail.<\/p><\/div><\/div><a class=\"cz_tab_a hide elementor-repeater-item-0759845\" data-tab=\"0759845\" ><span class=\"cz_tab_in_title\">Droit des la Sant\u00e9<\/span><\/a><div id=\"0759845\" class=\"cz_tab\"><div><h3><span style=\"font-size: 32px;\"><span style=\"color: #d8ae76;\">Droit <strong>des <\/strong><strong>la Sant\u00e9<\/strong><br \/><\/span><\/span><\/h3><p>Ma\u00eetre FAALI accompagne ses clients pharmaciens dans la cr\u00e9ation des SELs, le transfert et le regroupement des officines ainsi que des recours contre l\u2019arr\u00eat\u00e9 de l\u2019ARS.<\/p><p>Ma\u00eetre FAALI d\u00e9fend \u00e9galement les pharmaciens dans les proc\u00e9dures ordinales, devant l\u2019ordre, CNOP et des tribunaux.<\/p><p>Ma\u00eetre FAALI offre \u00e9galement ses comp\u00e9tences en conseil et en contentieux aux m\u00e9decins et des chirurgiens-dentistes.<\/p><\/div><\/div><a class=\"cz_tab_a hide elementor-repeater-item-956f009\" data-tab=\"956f009\" ><span class=\"cz_tab_in_title\">Droit des \u00e9trangers <\/span><\/a><div id=\"956f009\" class=\"cz_tab\"><div><h3><span id=\"\u00e9trangers\" style=\"font-size: 32px;\"><span style=\"color: #d8ae76;\">Droit <strong>des \u00e9tranger<\/strong>s<br \/><\/span><\/span><\/h3><h4><strong>Comp\u00e9tences juridiques : <\/strong><\/h4><p>Accompagnement et conseil des clients internationaux dans le cadre du projet d\u2019investissement, projet d\u2019\u00e9tude en France, d\u2019obtention de visa et titre de s\u00e9jour ou de changement de statut, de regroupement familial et \u00e9galement dans l\u2019acquisition de la nationalit\u00e9 fran\u00e7aise et d\u2019asile.<\/p><h4><strong>Comp\u00e9tence judiciaire<\/strong> :<\/h4><p>Repr\u00e9sentation et assistance dans le cadre des recours administratifs ou contentieux contre le refus ou le renouvellement de visa et le titre de s\u00e9jour, recours contre la d\u00e9cision d\u2019ajournement ou refus de nationalit\u00e9 fran\u00e7aise et des recours devant le tribunal administratif et CNDA pour les demandeurs d\u2019asile en France<\/p><\/div><\/div><a class=\"cz_tab_a hide elementor-repeater-item-e091de8\" data-tab=\"e091de8\" ><span class=\"cz_tab_in_title\">Droit des affaires - soci\u00e9t\u00e9s <\/span><\/a><div id=\"e091de8\" class=\"cz_tab\"><div><h3><span id=\"affaires\" style=\"font-size: 30px; color: #d8ae76;\">Droit des affaires - soci\u00e9t\u00e9s<\/span><\/h3><h4><strong>Comp\u00e9tences juridiques\u00a0: <\/strong><\/h4><p>R\u00e9daction de contrats, constitution de tous types de soci\u00e9t\u00e9s, cession, apport en soci\u00e9t\u00e9 et transformation de soci\u00e9t\u00e9s, regroupements, pactes d'associ\u00e9s, r\u00e8glements int\u00e9rieures, baux commerciaux, secr\u00e9tariats juridiques (AGO, AGE) etc.<\/p><h4><strong>Comp\u00e9tences judiciaires :<br \/><\/strong><\/h4><p>Repr\u00e9sentation et assistance devant les tribunaux dans le domaine du droit de l\u2019entreprise, contentieux commercial, prud\u2019homal, ordre des m\u00e9decins et pharmaciens et Cour d\u2019Appel etc.<\/p><p>Mise en place de strat\u00e9gie pr\u00e9contentieuse, la n\u00e9gociation et la r\u00e9daction de la lettre de mise en demeure.<\/p><p>Conseil et accompagnement dans le cadre de la mise en place du protocole accord ou transactionnel et de la mise en \u0153uvre de toutes voies d\u2019ex\u00e9cution.<\/p><\/div><\/div><\/div><\/div>\t\t<\/div>\n\t\t\t\t<\/div>\n\t\t\t\t<div class=\"elementor-element elementor-element-9db3a7e elementor-widget elementor-widget-cz_tabs\" data-id=\"9db3a7e\" data-element_type=\"widget\" data-no-translation=\"\" data-widget_type=\"cz_tabs.default\">\n\t\t\t\t<div class=\"elementor-widget-container\">\n\t\t\t<style>.elementor-element-9db3a7e{display:none !important}<\/style>\t\t<\/div>\n\t\t\t\t<\/div>\n\t\t\t\t\t<\/div>\n\t\t<\/div>\n\t\t\t\t\t\t\t<\/div>\n\t\t<\/section>\n\t\t\t\t<section class=\"elementor-section elementor-top-section elementor-element elementor-element-47e9b66 elementor-section-boxed elementor-section-height-default elementor-section-height-default\" data-id=\"47e9b66\" data-element_type=\"section\">\n\t\t\t\t\t\t<div class=\"elementor-container elementor-column-gap-default\">\n\t\t\t\t\t<div class=\"elementor-column elementor-col-100 elementor-top-column elementor-element elementor-element-e322c82\" data-id=\"e322c82\" data-element_type=\"column\">\n\t\t\t<div class=\"elementor-widget-wrap elementor-element-populated\">\n\t\t\t\t\t\t\t\t<div class=\"elementor-element elementor-element-94f7e8b elementor-widget elementor-widget-cz_gap\" data-id=\"94f7e8b\" data-element_type=\"widget\" data-widget_type=\"cz_gap.default\">\n\t\t\t\t<div class=\"elementor-widget-container\">\n\t\t\t<div class=\"cz_gap clr\"><\/div>\t\t<\/div>\n\t\t\t\t<\/div>\n\t\t\t\t<div class=\"elementor-element elementor-element-d667670 elementor-widget elementor-widget-cz_title\" data-id=\"d667670\" data-element_type=\"widget\" data-no-translation=\"\" data-widget_type=\"cz_title.default\">\n\t\t\t\t<div class=\"elementor-widget-container\">\n\t\t\t\t\r\n\t\t<div>\r\n\t\t\t<div class=\"cz_title clr cz_title_pos_inline\"><div class=\"cz_title_content\"><div class=\"cz_wpe_content\"><p><span style=\"font-size: 30px; color: #d8ae76;\"><strong>Honoraires <\/strong><\/span><\/p><p><strong>Facturation au forfait<\/strong> d\u00e9fini par Ma\u00eetre FAALI en concertation avec le Client correspondant \u00e0 une estimation du temps moyen n\u00e9cessaire \u00e0 l\u2019accomplissement de la mission. Une provision sera demand\u00e9e d\u00e8s l\u2019accord des Parties.<\/p><p><strong>Facturation au temps pass\u00e9<\/strong> dont le taux horaire sont d\u00e9finis avec le Client.<\/p><p>En fonction des diligences et le temps n\u00e9cessaire au traitement du dossier le budget sera d\u00e9termin\u00e9 par les Parties et une provision sera demand\u00e9e d\u00e8s l\u2019accord des Parties.<\/p><p>\u00c0 ces deux types de proposition d\u2019honoraires, les Parties pourront pr\u00e9voir en marge de lors accord une facturation compl\u00e9mentaire dont de r\u00e9sultat.<\/p><\/div><\/div><\/div>\r\n\t\t<\/div>\r\n\t\t\r\n\t\t\t\t<\/div>\n\t\t\t\t<\/div>\n\t\t\t\t<div class=\"elementor-element elementor-element-b9ef7a3 elementor-widget elementor-widget-cz_title\" data-id=\"b9ef7a3\" data-element_type=\"widget\" data-no-translation=\"\" data-widget_type=\"cz_title.default\">\n\t\t\t\t<div class=\"elementor-widget-container\">\n\t\t\t<style>.elementor-element-b9ef7a3{display:none !important}<\/style>\t\t<\/div>\n\t\t\t\t<\/div>\n\t\t\t\t\t<\/div>\n\t\t<\/div>\n\t\t\t\t\t\t\t<\/div>\n\t\t<\/section>\n\t\t\t\t<section class=\"elementor-section elementor-top-section elementor-element elementor-element-7bdad0d elementor-section-boxed elementor-section-height-default elementor-section-height-default\" data-id=\"7bdad0d\" data-element_type=\"section\">\n\t\t\t\t\t\t<div class=\"elementor-container elementor-column-gap-default\">\n\t\t\t\t\t<div class=\"elementor-column elementor-col-100 elementor-top-column elementor-element elementor-element-dbb7ac1\" data-id=\"dbb7ac1\" data-element_type=\"column\">\n\t\t\t<div class=\"elementor-widget-wrap elementor-element-populated\">\n\t\t\t\t\t\t\t\t<section class=\"elementor-section elementor-inner-section elementor-element elementor-element-28d11c1 elementor-section-content-middle elementor-section-boxed elementor-section-height-default elementor-section-height-default\" data-id=\"28d11c1\" data-element_type=\"section\">\n\t\t\t\t\t\t<div class=\"elementor-container elementor-column-gap-default\">\n\t\t\t\t\t<div class=\"elementor-column elementor-col-50 elementor-inner-column elementor-element elementor-element-6481778\" data-id=\"6481778\" data-element_type=\"column\">\n\t\t\t<div class=\"elementor-widget-wrap elementor-element-populated\">\n\t\t\t\t\t\t\t\t<div class=\"elementor-element elementor-element-29617fe elementor-widget elementor-widget-cz_title\" data-id=\"29617fe\" data-element_type=\"widget\" data-widget_type=\"cz_title.default\">\n\t\t\t\t<div class=\"elementor-widget-container\">\n\t\t\t\t\r\n\t\t<div>\r\n\t\t\t<div class=\"cz_title clr cz_mobile_text_center cz_title_pos_inline\"><div class=\"cz_title_shape shape_icon cz_shape_1\"><i class=\"fas fa-gavel\"><\/i><\/div><div class=\"cz_title_content\"><div class=\"cz_wpe_content\"><h3><span style=\"margin-bottom: 10px; display: inline-block; font-size: 26px;\">Consultation et rendez-vous<\/span><\/h3><p>Pour communiquer avec le Dr Reza Faali et obtenir un rendez-vous, remplissez le formulaire ci-contre<\/p><\/div><\/div><\/div>\r\n\t\t<\/div>\r\n\t\t\r\n\t\t\t\t<\/div>\n\t\t\t\t<\/div>\n\t\t\t\t\t<\/div>\n\t\t<\/div>\n\t\t\t\t<div class=\"elementor-column elementor-col-50 elementor-inner-column elementor-element elementor-element-091b792\" data-id=\"091b792\" data-element_type=\"column\">\n\t\t\t<div class=\"elementor-widget-wrap elementor-element-populated\">\n\t\t\t\t\t\t\t\t<div class=\"elementor-element elementor-element-f2cbddf elementor-widget elementor-widget-cz_button\" data-id=\"f2cbddf\" data-element_type=\"widget\" data-widget_type=\"cz_button.default\">\n\t\t\t\t<div class=\"elementor-widget-container\">\n\t\t\t\t\t<div class=\"cz_btn_center\">\r\n\t\t\t<div>\r\n\t\t\t\t<a href=\"https:\/\/faalilawyer.com\/contact\/\" class=\"cz_btn cz_btn_txt_move_up cz_btn_zoom_in\">\r\n\r\n\t\t\t\t\t<span><i class=\"fa czico-123-call\"><\/i>\t\t\t\t\t\t<strong>Compl\u00e9tez le formulaire\t\t\t\t\t\t\t\t\t\t\t\t\t<\/strong>\r\n\t\t\t\t\t\t\t\t\t\t\t<\/span>\r\n\r\n\t\t\t\t\t<b class=\"cz_btn_onhover\">\r\n\t\t\t\t\t\t<i class=\"fa czico-123-call\"><\/i>\t\t\t\t\t\t<strong>\r\n\t\t\t\t\t\t\tCompl\u00e9tez le formulaire\t\t\t\t\t\t\t\t\t\t\t\t\t<\/strong>\r\n\t\t\t\t\t\t\t\t\t\t\t<\/b>\r\n\r\n\t\t\t\t<\/a>\r\n\t\t\t<\/div>\r\n\t\t<\/div> \t\t\t\t<\/div>\n\t\t\t\t<\/div>\n\t\t\t\t\t<\/div>\n\t\t<\/div>\n\t\t\t\t\t\t\t<\/div>\n\t\t<\/section>\n\t\t\t\t\t<\/div>\n\t\t<\/div>\n\t\t\t\t\t\t\t<\/div>\n\t\t<\/section>\n\t\t\t\t\t\t\t<\/div>\n\t\t","protected":false},"excerpt":{"rendered":"<p>Services Services judiciaires et juridiques Domaines d&rsquo;activites Droit des affaires &#8211; &#8230; <\/p>\n","protected":false},"author":1,"featured_media":0,"parent":0,"menu_order":0,"comment_status":"closed","ping_status":"closed","template":"","meta":{"_themeisle_gutenberg_block_has_review":false,"footnotes":""},"class_list":["post-17","page","type-page","status-publish","hentry"],"_links":{"self":[{"href":"https:\/\/faalilawyer.com\/fr\/wp-json\/wp\/v2\/pages\/17","targetHints":{"allow":["GET"]}}],"collection":[{"href":"https:\/\/faalilawyer.com\/fr\/wp-json\/wp\/v2\/pages"}],"about":[{"href":"https:\/\/faalilawyer.com\/fr\/wp-json\/wp\/v2\/types\/page"}],"author":[{"embeddable":true,"href":"https:\/\/faalilawyer.com\/fr\/wp-json\/wp\/v2\/users\/1"}],"replies":[{"embeddable":true,"href":"https:\/\/faalilawyer.com\/fr\/wp-json\/wp\/v2\/comments?post=17"}],"version-history":[{"count":80,"href":"https:\/\/faalilawyer.com\/fr\/wp-json\/wp\/v2\/pages\/17\/revisions"}],"predecessor-version":[{"id":1550,"href":"https:\/\/faalilawyer.com\/fr\/wp-json\/wp\/v2\/pages\/17\/revisions\/1550"}],"wp:attachment":[{"href":"https:\/\/faalilawyer.com\/fr\/wp-json\/wp\/v2\/media?parent=17"}],"curies":[{"name":"wp","href":"https:\/\/api.w.org\/{rel}","templated":true}]}}